{"id":146,"date":"2020-06-26T01:46:01","date_gmt":"2020-06-26T06:46:01","guid":{"rendered":"https:\/\/elefann.mx\/hojas-al-viento\/?page_id=146"},"modified":"2021-06-23T02:03:50","modified_gmt":"2021-06-23T07:03:50","slug":"inicio","status":"publish","type":"page","link":"https:\/\/www.elefann.mx\/hojas-al-viento\/","title":{"rendered":"Inicio"},"content":{"rendered":"\n<div class=\"wp-block-cover alignfull has-background-dim has-parallax is-repeated\" style=\"background-image:url(https:\/\/www.elefann.mx\/hojas-al-viento\/wp-content\/uploads\/2020\/06\/portada-sala-de-lectura-001.jpg);min-height:70vh;aspect-ratio:unset;\"><div class=\"wp-block-cover__inner-container is-layout-flow wp-block-cover-is-layout-flow\">\n<h1 class=\"alignwide has-text-align-center tw-mb-1 wp-block-heading\">Hojas al viento<\/h1>\n\n\n\n<p class=\"has-text-align-center tw-mt-0 has-h-4-font-size\">Sala de lectura<\/p>\n<\/div><\/div>\n\n\n\n<div class=\"wp-block-columns alignwide is-layout-flex wp-container-core-columns-is-layout-d0b3c9c8 wp-block-columns-is-layout-flex\">\n<div class=\"wp-block-column is-layout-flow wp-block-column-is-layout-flow\" style=\"flex-basis:33.33%\">\n<figure class=\"wp-block-image alignfull size-large\"><img loading=\"lazy\" decoding=\"async\" width=\"600\" height=\"800\" src=\"https:\/\/elefann.mx\/hojas-al-viento\/wp-content\/uploads\/2020\/06\/sala_de_lectura_003.jpg\" alt=\"\" class=\"wp-image-189\" srcset=\"https:\/\/www.elefann.mx\/hojas-al-viento\/wp-content\/uploads\/2020\/06\/sala_de_lectura_003.jpg 600w, https:\/\/www.elefann.mx\/hojas-al-viento\/wp-content\/uploads\/2020\/06\/sala_de_lectura_003-225x300.jpg 225w\" sizes=\"auto, (max-width: 600px) 100vw, 600px\" \/><\/figure>\n<\/div>\n\n\n\n<div class=\"wp-block-column is-layout-flow wp-block-column-is-layout-flow\" style=\"flex-basis:58.2%\">\n<p class=\"has-drop-cap has-normal-font-size\">La <strong>sala de lectura \u00abHojas al viento\u00bb<\/strong> es un espacio cultural independiente que propicia el surgimiento de una comunidad con pensamiento propio y cr\u00edtico donde cada individuo lea de manera libre, incluyente y resignificativa.<\/p>\n\n\n\n<p class=\"tw-mb-0 has-normal-font-size\">Los asistentes a la sala de lectura pueden acceder a pr\u00e9stamo de libros para lectura en sitio y a domicilio, as\u00ed como a actividades culturales relacionadas con la palabra oral y escrita: lecturas en voz alta, narraciones orales, talleres, presentaciones de libros, charla con autores, entre otras.<\/p>\n\n\n\n<div class=\"wp-block-group alignfull\"><div class=\"wp-block-group__inner-container is-layout-flow wp-block-group-is-layout-flow\">\n<div class=\"wp-block-media-text alignwide has-media-on-the-right is-style-default\" style=\"grid-template-columns:auto 33%\"><figure class=\"wp-block-media-text__media\"><a href=\"https:\/\/www.elefann.mx\/\"><img loading=\"lazy\" decoding=\"async\" width=\"333\" height=\"200\" src=\"https:\/\/www.elefann.mx\/hojas-al-viento\/wp-content\/uploads\/2021\/06\/logo_elefann_333x200.png\" alt=\"\" class=\"wp-image-586 size-full\" srcset=\"https:\/\/www.elefann.mx\/hojas-al-viento\/wp-content\/uploads\/2021\/06\/logo_elefann_333x200.png 333w, https:\/\/www.elefann.mx\/hojas-al-viento\/wp-content\/uploads\/2021\/06\/logo_elefann_333x200-300x180.png 300w\" sizes=\"auto, (max-width: 333px) 100vw, 333px\" \/><\/a><\/figure><div class=\"wp-block-media-text__content\">\n<h2 class=\"has-h-4-font-size wp-block-heading\">Un proyecto de ELEFANN<\/h2>\n\n\n\n<p class=\"has-normal-font-size\"><em>\u00abHojas al viento\u00bb<\/em> es un proyecto creado por el grupo de promoci\u00f3n a la lectura <a href=\"https:\/\/www.elefann.mx\"><strong>ELEFANN<\/strong><\/a> y est\u00e1 ubicada en la colonia Bienestar Social, en Tuxtla Guti\u00e9rrez, Chiapas. M\u00e9xico.<\/p>\n<\/div><\/div>\n<\/div><\/div>\n<\/div>\n<\/div>\n\n\n\n<div class=\"wp-block-columns alignwide is-layout-flex wp-container-core-columns-is-layout-d0b3c9c8 wp-block-columns-is-layout-flex\">\n<div class=\"wp-block-column is-layout-flow wp-block-column-is-layout-flow\">\n<div class=\"wp-block-group has-background\" style=\"background-color:#ffffff\"><div class=\"wp-block-group__inner-container is-layout-flow wp-block-group-is-layout-flow\">\n<h4 class=\"has-text-align-center wp-block-heading\">Busca en nuestro cat\u00e1logo<\/h4>\n\n\n\n<p class=\"has-text-align-left\">Aqu\u00ed podr\u00e1s consultar cu\u00e1les son los libros que tenemos en nuestro acervo.<\/p>\n\n\n<form role=\"search\" method=\"get\" action=\"https:\/\/www.elefann.mx\/hojas-al-viento\/\" class=\"wp-block-search__button-outside wp-block-search__icon-button alignleft wp-block-search\"    ><label class=\"wp-block-search__label screen-reader-text\" for=\"wp-block-search__input-1\" >Buscar<\/label><div class=\"wp-block-search__inside-wrapper \" ><input class=\"wp-block-search__input\" id=\"wp-block-search__input-1\" placeholder=\"\" value=\"\" type=\"search\" name=\"s\" required \/><button aria-label=\"Buscar\" class=\"wp-block-search__button has-icon wp-element-button\" type=\"submit\" ><svg class=\"search-icon\" viewBox=\"0 0 24 24\" width=\"24\" height=\"24\">\n\t\t\t\t\t<path d=\"M13 5c-3.3 0-6 2.7-6 6 0 1.4.5 2.7 1.3 3.7l-3.8 3.8 1.1 1.1 3.8-3.8c1 .8 2.3 1.3 3.7 1.3 3.3 0 6-2.7 6-6S16.3 5 13 5zm0 10.5c-2.5 0-4.5-2-4.5-4.5s2-4.5 4.5-4.5 4.5 2 4.5 4.5-2 4.5-4.5 4.5z\"><\/path>\n\t\t\t\t<\/svg><\/button><\/div><\/form>\n\n[wpes_search_form wpessid=&#8217;643&#8242;]\n<\/div><\/div>\n<\/div>\n\n\n\n<div class=\"wp-block-column is-layout-flow wp-block-column-is-layout-flow\">\n<div class=\"wp-block-group has-background\" style=\"background-color:#ffffff\"><div class=\"wp-block-group__inner-container is-layout-flow wp-block-group-is-layout-flow\">\n<h4 class=\"has-text-align-center wp-block-heading\">Cat\u00e1logo<\/h4>\n\n\n\n<p class=\"has-text-align-left\">Te compartimos nuestra colecci\u00f3n de libros para leer en sala y a pr\u00e9stamo a domicilio.<\/p>\n\n\n<ul class=\"wp-block-categories-list wp-block-categories\">\t<li class=\"cat-item cat-item-2\"><a href=\"https:\/\/www.elefann.mx\/hojas-al-viento\/category\/literatura-infantil\/\">Literatura Infantil<\/a> (31)\n<\/li>\n<\/ul><\/div><\/div>\n<\/div>\n\n\n\n<div class=\"wp-block-column is-layout-flow wp-block-column-is-layout-flow\">\n<div class=\"wp-block-group has-background\" style=\"background-color:#ffffff\"><div class=\"wp-block-group__inner-container is-layout-flow wp-block-group-is-layout-flow\">\n<h4 class=\"has-text-align-center wp-block-heading\">Redes sociales<\/h4>\n\n\n\n<p class=\"has-text-align-left\">Mantente en comunicaci\u00f3n con nosotros.<\/p>\n\n\n\n<ul class=\"wp-block-social-links aligncenter has-large-icon-size is-style-default tw-hover-opacity is-layout-flex wp-block-social-links-is-layout-flex\">\n\n<li class=\"wp-social-link wp-social-link-facebook  wp-block-social-link\"><a href=\"https:\/\/www.facebook.com\/SalaDeLecturaHojasAlViento\/\" class=\"wp-block-social-link-anchor\"><svg width=\"24\" height=\"24\" viewBox=\"0 0 24 24\" version=\"1.1\" xmlns=\"http:\/\/www.w3.org\/2000\/svg\" aria-hidden=\"true\" focusable=\"false\"><path d=\"M12 2C6.5 2 2 6.5 2 12c0 5 3.7 9.1 8.4 9.9v-7H7.9V12h2.5V9.8c0-2.5 1.5-3.9 3.8-3.9 1.1 0 2.2.2 2.2.2v2.5h-1.3c-1.2 0-1.6.8-1.6 1.6V12h2.8l-.4 2.9h-2.3v7C18.3 21.1 22 17 22 12c0-5.5-4.5-10-10-10z\"><\/path><\/svg><span class=\"wp-block-social-link-label screen-reader-text\">Facebook Hojas al Viento<\/span><\/a><\/li>\n\n\n\n\n\n\n\n\n\n<li class=\"wp-social-link wp-social-link-feed  wp-block-social-link\"><a href=\"https:\/\/www.elefann.mx\/category\/hojas-al-viento\/\" class=\"wp-block-social-link-anchor\"><svg width=\"24\" height=\"24\" viewBox=\"0 0 24 24\" version=\"1.1\" xmlns=\"http:\/\/www.w3.org\/2000\/svg\" aria-hidden=\"true\" focusable=\"false\"><path d=\"M2,8.667V12c5.515,0,10,4.485,10,10h3.333C15.333,14.637,9.363,8.667,2,8.667z M2,2v3.333 c9.19,0,16.667,7.477,16.667,16.667H22C22,10.955,13.045,2,2,2z M4.5,17C3.118,17,2,18.12,2,19.5S3.118,22,4.5,22S7,20.88,7,19.5 S5.882,17,4.5,17z\"><\/path><\/svg><span class=\"wp-block-social-link-label screen-reader-text\">Blog Sala de lectura Hojas al Viento<\/span><\/a><\/li><\/ul>\n<\/div><\/div>\n<\/div>\n<\/div>\n","protected":false},"excerpt":{"rendered":"<p>La sala de lectura \u00abHojas al viento\u00bb es un espacio cultural independiente que propicia el surgimiento de una comunidad con pensamiento propio y cr\u00edtico donde cada individuo lea de manera libre, incluyente y resignificativa. Los asistentes a la sala de lectura pueden acceder a pr\u00e9stamo de libros para lectura en sitio y a domicilio, as\u00ed [&hellip;]<\/p>\n","protected":false},"author":1,"featured_media":0,"parent":0,"menu_order":0,"comment_status":"closed","ping_status":"closed","template":"tw-no-title.php","meta":{"footnotes":""},"class_list":["post-146","page","type-page","status-publish","hentry"],"_links":{"self":[{"href":"https:\/\/www.elefann.mx\/hojas-al-viento\/wp-json\/wp\/v2\/pages\/146","targetHints":{"allow":["GET"]}}],"collection":[{"href":"https:\/\/www.elefann.mx\/hojas-al-viento\/wp-json\/wp\/v2\/pages"}],"about":[{"href":"https:\/\/www.elefann.mx\/hojas-al-viento\/wp-json\/wp\/v2\/types\/page"}],"author":[{"embeddable":true,"href":"https:\/\/www.elefann.mx\/hojas-al-viento\/wp-json\/wp\/v2\/users\/1"}],"replies":[{"embeddable":true,"href":"https:\/\/www.elefann.mx\/hojas-al-viento\/wp-json\/wp\/v2\/comments?post=146"}],"version-history":[{"count":0,"href":"https:\/\/www.elefann.mx\/hojas-al-viento\/wp-json\/wp\/v2\/pages\/146\/revisions"}],"wp:attachment":[{"href":"https:\/\/www.elefann.mx\/hojas-al-viento\/wp-json\/wp\/v2\/media?parent=146"}],"curies":[{"name":"wp","href":"https:\/\/api.w.org\/{rel}","templated":true}]}}